{"id":276,"date":"2025-06-05T10:25:56","date_gmt":"2025-06-05T09:25:56","guid":{"rendered":"https:\/\/own18.wpenginepowered.com\/?page_id=276"},"modified":"2025-12-17T09:48:41","modified_gmt":"2025-12-17T09:48:41","slug":"comment-ca-marche","status":"publish","type":"page","link":"https:\/\/www.own18.com\/fr\/le-concept\/comment-ca-marche\/","title":{"rendered":"Comment \u00e7a fonctionne ?"},"content":{"rendered":"","protected":false},"excerpt":{"rendered":"","protected":false},"author":1,"featured_media":504,"parent":274,"menu_order":0,"comment_status":"closed","ping_status":"closed","template":"","meta":{"_acf_changed":false,"footnotes":""},"class_list":["post-276","page","type-page","status-publish","has-post-thumbnail","hentry"],"acf":[],"yoast_head":"<!-- This site is optimized with the Yoast SEO plugin v27.3 - https:\/\/yoast.com\/product\/yoast-seo-wordpress\/ -->\n<title>Comment fonctionne OWN18 : r\u00e9sidence secondaire partag\u00e9e<\/title>\n<meta name=\"description\" content=\"OWN18 simplifie l\u2019acc\u00e8s \u00e0 la r\u00e9sidence secondaire : achat d\u2019une part, r\u00e9servation flexible, gestion cl\u00e9-en-main. Planifiez un appel !\" \/>\n<meta name=\"robots\" content=\"index, follow, max-snippet:-1, max-image-preview:large, max-video-preview:-1\" \/>\n<link rel=\"canonical\" href=\"https:\/\/www.own18.com\/fr\/le-concept\/comment-ca-marche\/\" \/>\n<meta property=\"og:locale\" content=\"fr_FR\" \/>\n<meta property=\"og:type\" content=\"article\" \/>\n<meta property=\"og:title\" content=\"Comment fonctionne OWN18 : r\u00e9sidence secondaire partag\u00e9e\" \/>\n<meta property=\"og:description\" content=\"OWN18 simplifie l\u2019acc\u00e8s \u00e0 la r\u00e9sidence secondaire : achat d\u2019une part, r\u00e9servation flexible, gestion cl\u00e9-en-main. Planifiez un appel !\" \/>\n<meta property=\"og:url\" content=\"https:\/\/www.own18.com\/fr\/le-concept\/comment-ca-marche\/\" \/>\n<meta property=\"og:site_name\" content=\"Own18\" \/>\n<meta property=\"article:publisher\" content=\"https:\/\/www.facebook.com\/Own18homes\/\" \/>\n<meta property=\"article:modified_time\" content=\"2025-12-17T09:48:41+00:00\" \/>\n<meta property=\"og:image\" content=\"https:\/\/www.own18.com\/wp-content\/uploads\/2025\/06\/11062b_578d25f913e04d1c950382257c65310fmv2.jpg\" \/>\n\t<meta property=\"og:image:width\" content=\"5000\" \/>\n\t<meta property=\"og:image:height\" content=\"3333\" \/>\n\t<meta property=\"og:image:type\" content=\"image\/jpeg\" \/>\n<meta name=\"twitter:card\" content=\"summary_large_image\" \/>\n<meta name=\"twitter:label1\" content=\"Dur\u00e9e de lecture estim\u00e9e\" \/>\n\t<meta name=\"twitter:data1\" content=\"1 minute\" \/>\n<script type=\"application\/ld+json\" class=\"yoast-schema-graph\">{\"@context\":\"https:\\\/\\\/schema.org\",\"@graph\":[{\"@type\":\"WebPage\",\"@id\":\"https:\\\/\\\/www.own18.com\\\/fr\\\/le-concept\\\/comment-ca-marche\\\/\",\"url\":\"https:\\\/\\\/www.own18.com\\\/fr\\\/le-concept\\\/comment-ca-marche\\\/\",\"name\":\"Comment fonctionne OWN18 : r\u00e9sidence secondaire partag\u00e9e\",\"isPartOf\":{\"@id\":\"https:\\\/\\\/www.own18.com\\\/fr\\\/#website\"},\"primaryImageOfPage\":{\"@id\":\"https:\\\/\\\/www.own18.com\\\/fr\\\/le-concept\\\/comment-ca-marche\\\/#primaryimage\"},\"image\":{\"@id\":\"https:\\\/\\\/www.own18.com\\\/fr\\\/le-concept\\\/comment-ca-marche\\\/#primaryimage\"},\"thumbnailUrl\":\"https:\\\/\\\/www.own18.com\\\/wp-content\\\/uploads\\\/2025\\\/06\\\/11062b_578d25f913e04d1c950382257c65310fmv2.jpg\",\"datePublished\":\"2025-06-05T09:25:56+00:00\",\"dateModified\":\"2025-12-17T09:48:41+00:00\",\"description\":\"OWN18 simplifie l\u2019acc\u00e8s \u00e0 la r\u00e9sidence secondaire : achat d\u2019une part, r\u00e9servation flexible, gestion cl\u00e9-en-main. Planifiez un appel !\",\"breadcrumb\":{\"@id\":\"https:\\\/\\\/www.own18.com\\\/fr\\\/le-concept\\\/comment-ca-marche\\\/#breadcrumb\"},\"inLanguage\":\"fr-FR\",\"potentialAction\":[{\"@type\":\"ReadAction\",\"target\":[\"https:\\\/\\\/www.own18.com\\\/fr\\\/le-concept\\\/comment-ca-marche\\\/\"]}]},{\"@type\":\"ImageObject\",\"inLanguage\":\"fr-FR\",\"@id\":\"https:\\\/\\\/www.own18.com\\\/fr\\\/le-concept\\\/comment-ca-marche\\\/#primaryimage\",\"url\":\"https:\\\/\\\/www.own18.com\\\/wp-content\\\/uploads\\\/2025\\\/06\\\/11062b_578d25f913e04d1c950382257c65310fmv2.jpg\",\"contentUrl\":\"https:\\\/\\\/www.own18.com\\\/wp-content\\\/uploads\\\/2025\\\/06\\\/11062b_578d25f913e04d1c950382257c65310fmv2.jpg\",\"width\":5000,\"height\":3333,\"caption\":\"comment fonctionne le concept OWN18?\"},{\"@type\":\"BreadcrumbList\",\"@id\":\"https:\\\/\\\/www.own18.com\\\/fr\\\/le-concept\\\/comment-ca-marche\\\/#breadcrumb\",\"itemListElement\":[{\"@type\":\"ListItem\",\"position\":1,\"name\":\"Home\",\"item\":\"https:\\\/\\\/www.own18.com\\\/fr\\\/\"},{\"@type\":\"ListItem\",\"position\":2,\"name\":\"Le concept\",\"item\":\"https:\\\/\\\/www.own18.com\\\/fr\\\/le-concept\\\/\"},{\"@type\":\"ListItem\",\"position\":3,\"name\":\"Comment \u00e7a fonctionne ?\"}]},{\"@type\":\"WebSite\",\"@id\":\"https:\\\/\\\/www.own18.com\\\/fr\\\/#website\",\"url\":\"https:\\\/\\\/www.own18.com\\\/fr\\\/\",\"name\":\"Own18\",\"description\":\"Own smart - Live large\",\"publisher\":{\"@id\":\"https:\\\/\\\/www.own18.com\\\/fr\\\/#organization\"},\"potentialAction\":[{\"@type\":\"SearchAction\",\"target\":{\"@type\":\"EntryPoint\",\"urlTemplate\":\"https:\\\/\\\/www.own18.com\\\/fr\\\/?s={search_term_string}\"},\"query-input\":{\"@type\":\"PropertyValueSpecification\",\"valueRequired\":true,\"valueName\":\"search_term_string\"}}],\"inLanguage\":\"fr-FR\"},{\"@type\":\"Organization\",\"@id\":\"https:\\\/\\\/www.own18.com\\\/fr\\\/#organization\",\"name\":\"Own 18\",\"url\":\"https:\\\/\\\/www.own18.com\\\/fr\\\/\",\"logo\":{\"@type\":\"ImageObject\",\"inLanguage\":\"fr-FR\",\"@id\":\"https:\\\/\\\/www.own18.com\\\/fr\\\/#\\\/schema\\\/logo\\\/image\\\/\",\"url\":\"https:\\\/\\\/www.own18.com\\\/wp-content\\\/uploads\\\/2025\\\/09\\\/logo@2x.png\",\"contentUrl\":\"https:\\\/\\\/www.own18.com\\\/wp-content\\\/uploads\\\/2025\\\/09\\\/logo@2x.png\",\"width\":1393,\"height\":1393,\"caption\":\"Own 18\"},\"image\":{\"@id\":\"https:\\\/\\\/www.own18.com\\\/fr\\\/#\\\/schema\\\/logo\\\/image\\\/\"},\"sameAs\":[\"https:\\\/\\\/www.facebook.com\\\/Own18homes\\\/\",\"https:\\\/\\\/www.instagram.com\\\/own18_homes\\\/\"]}]}<\/script>\n<!-- \/ Yoast SEO plugin. -->","yoast_head_json":{"title":"Comment fonctionne OWN18 : r\u00e9sidence secondaire partag\u00e9e","description":"OWN18 simplifie l\u2019acc\u00e8s \u00e0 la r\u00e9sidence secondaire : achat d\u2019une part, r\u00e9servation flexible, gestion cl\u00e9-en-main. Planifiez un appel !","robots":{"index":"index","follow":"follow","max-snippet":"max-snippet:-1","max-image-preview":"max-image-preview:large","max-video-preview":"max-video-preview:-1"},"canonical":"https:\/\/www.own18.com\/fr\/le-concept\/comment-ca-marche\/","og_locale":"fr_FR","og_type":"article","og_title":"Comment fonctionne OWN18 : r\u00e9sidence secondaire partag\u00e9e","og_description":"OWN18 simplifie l\u2019acc\u00e8s \u00e0 la r\u00e9sidence secondaire : achat d\u2019une part, r\u00e9servation flexible, gestion cl\u00e9-en-main. Planifiez un appel !","og_url":"https:\/\/www.own18.com\/fr\/le-concept\/comment-ca-marche\/","og_site_name":"Own18","article_publisher":"https:\/\/www.facebook.com\/Own18homes\/","article_modified_time":"2025-12-17T09:48:41+00:00","og_image":[{"width":5000,"height":3333,"url":"https:\/\/www.own18.com\/wp-content\/uploads\/2025\/06\/11062b_578d25f913e04d1c950382257c65310fmv2.jpg","type":"image\/jpeg"}],"twitter_card":"summary_large_image","twitter_misc":{"Dur\u00e9e de lecture estim\u00e9e":"1 minute"},"schema":{"@context":"https:\/\/schema.org","@graph":[{"@type":"WebPage","@id":"https:\/\/www.own18.com\/fr\/le-concept\/comment-ca-marche\/","url":"https:\/\/www.own18.com\/fr\/le-concept\/comment-ca-marche\/","name":"Comment fonctionne OWN18 : r\u00e9sidence secondaire partag\u00e9e","isPartOf":{"@id":"https:\/\/www.own18.com\/fr\/#website"},"primaryImageOfPage":{"@id":"https:\/\/www.own18.com\/fr\/le-concept\/comment-ca-marche\/#primaryimage"},"image":{"@id":"https:\/\/www.own18.com\/fr\/le-concept\/comment-ca-marche\/#primaryimage"},"thumbnailUrl":"https:\/\/www.own18.com\/wp-content\/uploads\/2025\/06\/11062b_578d25f913e04d1c950382257c65310fmv2.jpg","datePublished":"2025-06-05T09:25:56+00:00","dateModified":"2025-12-17T09:48:41+00:00","description":"OWN18 simplifie l\u2019acc\u00e8s \u00e0 la r\u00e9sidence secondaire : achat d\u2019une part, r\u00e9servation flexible, gestion cl\u00e9-en-main. Planifiez un appel !","breadcrumb":{"@id":"https:\/\/www.own18.com\/fr\/le-concept\/comment-ca-marche\/#breadcrumb"},"inLanguage":"fr-FR","potentialAction":[{"@type":"ReadAction","target":["https:\/\/www.own18.com\/fr\/le-concept\/comment-ca-marche\/"]}]},{"@type":"ImageObject","inLanguage":"fr-FR","@id":"https:\/\/www.own18.com\/fr\/le-concept\/comment-ca-marche\/#primaryimage","url":"https:\/\/www.own18.com\/wp-content\/uploads\/2025\/06\/11062b_578d25f913e04d1c950382257c65310fmv2.jpg","contentUrl":"https:\/\/www.own18.com\/wp-content\/uploads\/2025\/06\/11062b_578d25f913e04d1c950382257c65310fmv2.jpg","width":5000,"height":3333,"caption":"comment fonctionne le concept OWN18?"},{"@type":"BreadcrumbList","@id":"https:\/\/www.own18.com\/fr\/le-concept\/comment-ca-marche\/#breadcrumb","itemListElement":[{"@type":"ListItem","position":1,"name":"Home","item":"https:\/\/www.own18.com\/fr\/"},{"@type":"ListItem","position":2,"name":"Le concept","item":"https:\/\/www.own18.com\/fr\/le-concept\/"},{"@type":"ListItem","position":3,"name":"Comment \u00e7a fonctionne ?"}]},{"@type":"WebSite","@id":"https:\/\/www.own18.com\/fr\/#website","url":"https:\/\/www.own18.com\/fr\/","name":"Own18","description":"Own smart - Live large","publisher":{"@id":"https:\/\/www.own18.com\/fr\/#organization"},"potentialAction":[{"@type":"SearchAction","target":{"@type":"EntryPoint","urlTemplate":"https:\/\/www.own18.com\/fr\/?s={search_term_string}"},"query-input":{"@type":"PropertyValueSpecification","valueRequired":true,"valueName":"search_term_string"}}],"inLanguage":"fr-FR"},{"@type":"Organization","@id":"https:\/\/www.own18.com\/fr\/#organization","name":"Own 18","url":"https:\/\/www.own18.com\/fr\/","logo":{"@type":"ImageObject","inLanguage":"fr-FR","@id":"https:\/\/www.own18.com\/fr\/#\/schema\/logo\/image\/","url":"https:\/\/www.own18.com\/wp-content\/uploads\/2025\/09\/logo@2x.png","contentUrl":"https:\/\/www.own18.com\/wp-content\/uploads\/2025\/09\/logo@2x.png","width":1393,"height":1393,"caption":"Own 18"},"image":{"@id":"https:\/\/www.own18.com\/fr\/#\/schema\/logo\/image\/"},"sameAs":["https:\/\/www.facebook.com\/Own18homes\/","https:\/\/www.instagram.com\/own18_homes\/"]}]}},"_links":{"self":[{"href":"https:\/\/www.own18.com\/fr\/wp-json\/wp\/v2\/pages\/276","targetHints":{"allow":["GET"]}}],"collection":[{"href":"https:\/\/www.own18.com\/fr\/wp-json\/wp\/v2\/pages"}],"about":[{"href":"https:\/\/www.own18.com\/fr\/wp-json\/wp\/v2\/types\/page"}],"author":[{"embeddable":true,"href":"https:\/\/www.own18.com\/fr\/wp-json\/wp\/v2\/users\/1"}],"replies":[{"embeddable":true,"href":"https:\/\/www.own18.com\/fr\/wp-json\/wp\/v2\/comments?post=276"}],"version-history":[{"count":0,"href":"https:\/\/www.own18.com\/fr\/wp-json\/wp\/v2\/pages\/276\/revisions"}],"up":[{"embeddable":true,"href":"https:\/\/www.own18.com\/fr\/wp-json\/wp\/v2\/pages\/274"}],"wp:featuredmedia":[{"embeddable":true,"href":"https:\/\/www.own18.com\/fr\/wp-json\/wp\/v2\/media\/504"}],"wp:attachment":[{"href":"https:\/\/www.own18.com\/fr\/wp-json\/wp\/v2\/media?parent=276"}],"curies":[{"name":"wp","href":"https:\/\/api.w.org\/{rel}","templated":true}]}}