{"id":278,"date":"2025-06-05T10:26:11","date_gmt":"2025-06-05T09:26:11","guid":{"rendered":"https:\/\/own18.wpenginepowered.com\/?page_id=278"},"modified":"2025-07-22T07:31:31","modified_gmt":"2025-07-22T06:31:31","slug":"financement","status":"publish","type":"page","link":"https:\/\/www.own18.com\/fr\/le-concept\/financement\/","title":{"rendered":"Financement"},"content":{"rendered":"","protected":false},"excerpt":{"rendered":"","protected":false},"author":1,"featured_media":1046,"parent":274,"menu_order":0,"comment_status":"closed","ping_status":"closed","template":"","meta":{"_acf_changed":false,"footnotes":""},"class_list":["post-278","page","type-page","status-publish","has-post-thumbnail","hentry"],"acf":[],"yoast_head":"<!-- This site is optimized with the Yoast SEO plugin v27.4 - https:\/\/yoast.com\/product\/yoast-seo-wordpress\/ -->\n<title>Financement d\u2019une r\u00e9sidence secondaire partag\u00e9e avec OWN18<\/title>\n<meta name=\"description\" content=\"Financer votre r\u00e9sidence secondaire avec OWN18 : achat via soci\u00e9t\u00e9, fiscalit\u00e9 optimis\u00e9e, sans cr\u00e9dit lourd. Parlons-en.\" \/>\n<meta name=\"robots\" content=\"index, follow, max-snippet:-1, max-image-preview:large, max-video-preview:-1\" \/>\n<link rel=\"canonical\" href=\"https:\/\/www.own18.com\/fr\/le-concept\/financement\/\" \/>\n<meta property=\"og:locale\" content=\"fr_FR\" \/>\n<meta property=\"og:type\" content=\"article\" \/>\n<meta property=\"og:title\" content=\"Financement d\u2019une r\u00e9sidence secondaire partag\u00e9e avec OWN18\" \/>\n<meta property=\"og:description\" content=\"Financer votre r\u00e9sidence secondaire avec OWN18 : achat via soci\u00e9t\u00e9, fiscalit\u00e9 optimis\u00e9e, sans cr\u00e9dit lourd. Parlons-en.\" \/>\n<meta property=\"og:url\" content=\"https:\/\/www.own18.com\/fr\/le-concept\/financement\/\" \/>\n<meta property=\"og:site_name\" content=\"Own18\" \/>\n<meta property=\"article:publisher\" content=\"https:\/\/www.facebook.com\/Own18homes\/\" \/>\n<meta property=\"article:modified_time\" content=\"2025-07-22T06:31:31+00:00\" \/>\n<meta property=\"og:image\" content=\"https:\/\/www.own18.com\/wp-content\/uploads\/2025\/07\/financer-seconde-residence-OWN18.png\" \/>\n\t<meta property=\"og:image:width\" content=\"1024\" \/>\n\t<meta property=\"og:image:height\" content=\"546\" \/>\n\t<meta property=\"og:image:type\" content=\"image\/png\" \/>\n<meta name=\"twitter:card\" content=\"summary_large_image\" \/>\n<meta name=\"twitter:label1\" content=\"Dur\u00e9e de lecture estim\u00e9e\" \/>\n\t<meta name=\"twitter:data1\" content=\"1 minute\" \/>\n<script type=\"application\/ld+json\" class=\"yoast-schema-graph\">{\"@context\":\"https:\\\/\\\/schema.org\",\"@graph\":[{\"@type\":\"WebPage\",\"@id\":\"https:\\\/\\\/www.own18.com\\\/fr\\\/le-concept\\\/financement\\\/\",\"url\":\"https:\\\/\\\/www.own18.com\\\/fr\\\/le-concept\\\/financement\\\/\",\"name\":\"Financement d\u2019une r\u00e9sidence secondaire partag\u00e9e avec OWN18\",\"isPartOf\":{\"@id\":\"https:\\\/\\\/www.own18.com\\\/fr\\\/#website\"},\"primaryImageOfPage\":{\"@id\":\"https:\\\/\\\/www.own18.com\\\/fr\\\/le-concept\\\/financement\\\/#primaryimage\"},\"image\":{\"@id\":\"https:\\\/\\\/www.own18.com\\\/fr\\\/le-concept\\\/financement\\\/#primaryimage\"},\"thumbnailUrl\":\"https:\\\/\\\/www.own18.com\\\/wp-content\\\/uploads\\\/2025\\\/07\\\/financer-seconde-residence-OWN18.png\",\"datePublished\":\"2025-06-05T09:26:11+00:00\",\"dateModified\":\"2025-07-22T06:31:31+00:00\",\"description\":\"Financer votre r\u00e9sidence secondaire avec OWN18 : achat via soci\u00e9t\u00e9, fiscalit\u00e9 optimis\u00e9e, sans cr\u00e9dit lourd. Parlons-en.\",\"breadcrumb\":{\"@id\":\"https:\\\/\\\/www.own18.com\\\/fr\\\/le-concept\\\/financement\\\/#breadcrumb\"},\"inLanguage\":\"fr-FR\",\"potentialAction\":[{\"@type\":\"ReadAction\",\"target\":[\"https:\\\/\\\/www.own18.com\\\/fr\\\/le-concept\\\/financement\\\/\"]}]},{\"@type\":\"ImageObject\",\"inLanguage\":\"fr-FR\",\"@id\":\"https:\\\/\\\/www.own18.com\\\/fr\\\/le-concept\\\/financement\\\/#primaryimage\",\"url\":\"https:\\\/\\\/www.own18.com\\\/wp-content\\\/uploads\\\/2025\\\/07\\\/financer-seconde-residence-OWN18.png\",\"contentUrl\":\"https:\\\/\\\/www.own18.com\\\/wp-content\\\/uploads\\\/2025\\\/07\\\/financer-seconde-residence-OWN18.png\",\"width\":1500,\"height\":800,\"caption\":\"Comment financier votre seconde r\u00e9sidence avec OWN18?\"},{\"@type\":\"BreadcrumbList\",\"@id\":\"https:\\\/\\\/www.own18.com\\\/fr\\\/le-concept\\\/financement\\\/#breadcrumb\",\"itemListElement\":[{\"@type\":\"ListItem\",\"position\":1,\"name\":\"Home\",\"item\":\"https:\\\/\\\/www.own18.com\\\/fr\\\/\"},{\"@type\":\"ListItem\",\"position\":2,\"name\":\"Le concept\",\"item\":\"https:\\\/\\\/www.own18.com\\\/fr\\\/le-concept\\\/\"},{\"@type\":\"ListItem\",\"position\":3,\"name\":\"Financement\"}]},{\"@type\":\"WebSite\",\"@id\":\"https:\\\/\\\/www.own18.com\\\/fr\\\/#website\",\"url\":\"https:\\\/\\\/www.own18.com\\\/fr\\\/\",\"name\":\"Own18\",\"description\":\"Own smart - Live large\",\"publisher\":{\"@id\":\"https:\\\/\\\/www.own18.com\\\/fr\\\/#organization\"},\"potentialAction\":[{\"@type\":\"SearchAction\",\"target\":{\"@type\":\"EntryPoint\",\"urlTemplate\":\"https:\\\/\\\/www.own18.com\\\/fr\\\/?s={search_term_string}\"},\"query-input\":{\"@type\":\"PropertyValueSpecification\",\"valueRequired\":true,\"valueName\":\"search_term_string\"}}],\"inLanguage\":\"fr-FR\"},{\"@type\":\"Organization\",\"@id\":\"https:\\\/\\\/www.own18.com\\\/fr\\\/#organization\",\"name\":\"Own 18\",\"url\":\"https:\\\/\\\/www.own18.com\\\/fr\\\/\",\"logo\":{\"@type\":\"ImageObject\",\"inLanguage\":\"fr-FR\",\"@id\":\"https:\\\/\\\/www.own18.com\\\/fr\\\/#\\\/schema\\\/logo\\\/image\\\/\",\"url\":\"https:\\\/\\\/www.own18.com\\\/wp-content\\\/uploads\\\/2025\\\/09\\\/logo@2x.png\",\"contentUrl\":\"https:\\\/\\\/www.own18.com\\\/wp-content\\\/uploads\\\/2025\\\/09\\\/logo@2x.png\",\"width\":1393,\"height\":1393,\"caption\":\"Own 18\"},\"image\":{\"@id\":\"https:\\\/\\\/www.own18.com\\\/fr\\\/#\\\/schema\\\/logo\\\/image\\\/\"},\"sameAs\":[\"https:\\\/\\\/www.facebook.com\\\/Own18homes\\\/\",\"https:\\\/\\\/www.instagram.com\\\/own18_homes\\\/\"]}]}<\/script>\n<!-- \/ Yoast SEO plugin. -->","yoast_head_json":{"title":"Financement d\u2019une r\u00e9sidence secondaire partag\u00e9e avec OWN18","description":"Financer votre r\u00e9sidence secondaire avec OWN18 : achat via soci\u00e9t\u00e9, fiscalit\u00e9 optimis\u00e9e, sans cr\u00e9dit lourd. Parlons-en.","robots":{"index":"index","follow":"follow","max-snippet":"max-snippet:-1","max-image-preview":"max-image-preview:large","max-video-preview":"max-video-preview:-1"},"canonical":"https:\/\/www.own18.com\/fr\/le-concept\/financement\/","og_locale":"fr_FR","og_type":"article","og_title":"Financement d\u2019une r\u00e9sidence secondaire partag\u00e9e avec OWN18","og_description":"Financer votre r\u00e9sidence secondaire avec OWN18 : achat via soci\u00e9t\u00e9, fiscalit\u00e9 optimis\u00e9e, sans cr\u00e9dit lourd. Parlons-en.","og_url":"https:\/\/www.own18.com\/fr\/le-concept\/financement\/","og_site_name":"Own18","article_publisher":"https:\/\/www.facebook.com\/Own18homes\/","article_modified_time":"2025-07-22T06:31:31+00:00","og_image":[{"url":"https:\/\/www.own18.com\/wp-content\/uploads\/2025\/07\/financer-seconde-residence-OWN18.png","width":1024,"height":546,"type":"image\/png"}],"twitter_card":"summary_large_image","twitter_misc":{"Dur\u00e9e de lecture estim\u00e9e":"1 minute"},"schema":{"@context":"https:\/\/schema.org","@graph":[{"@type":"WebPage","@id":"https:\/\/www.own18.com\/fr\/le-concept\/financement\/","url":"https:\/\/www.own18.com\/fr\/le-concept\/financement\/","name":"Financement d\u2019une r\u00e9sidence secondaire partag\u00e9e avec OWN18","isPartOf":{"@id":"https:\/\/www.own18.com\/fr\/#website"},"primaryImageOfPage":{"@id":"https:\/\/www.own18.com\/fr\/le-concept\/financement\/#primaryimage"},"image":{"@id":"https:\/\/www.own18.com\/fr\/le-concept\/financement\/#primaryimage"},"thumbnailUrl":"https:\/\/www.own18.com\/wp-content\/uploads\/2025\/07\/financer-seconde-residence-OWN18.png","datePublished":"2025-06-05T09:26:11+00:00","dateModified":"2025-07-22T06:31:31+00:00","description":"Financer votre r\u00e9sidence secondaire avec OWN18 : achat via soci\u00e9t\u00e9, fiscalit\u00e9 optimis\u00e9e, sans cr\u00e9dit lourd. Parlons-en.","breadcrumb":{"@id":"https:\/\/www.own18.com\/fr\/le-concept\/financement\/#breadcrumb"},"inLanguage":"fr-FR","potentialAction":[{"@type":"ReadAction","target":["https:\/\/www.own18.com\/fr\/le-concept\/financement\/"]}]},{"@type":"ImageObject","inLanguage":"fr-FR","@id":"https:\/\/www.own18.com\/fr\/le-concept\/financement\/#primaryimage","url":"https:\/\/www.own18.com\/wp-content\/uploads\/2025\/07\/financer-seconde-residence-OWN18.png","contentUrl":"https:\/\/www.own18.com\/wp-content\/uploads\/2025\/07\/financer-seconde-residence-OWN18.png","width":1500,"height":800,"caption":"Comment financier votre seconde r\u00e9sidence avec OWN18?"},{"@type":"BreadcrumbList","@id":"https:\/\/www.own18.com\/fr\/le-concept\/financement\/#breadcrumb","itemListElement":[{"@type":"ListItem","position":1,"name":"Home","item":"https:\/\/www.own18.com\/fr\/"},{"@type":"ListItem","position":2,"name":"Le concept","item":"https:\/\/www.own18.com\/fr\/le-concept\/"},{"@type":"ListItem","position":3,"name":"Financement"}]},{"@type":"WebSite","@id":"https:\/\/www.own18.com\/fr\/#website","url":"https:\/\/www.own18.com\/fr\/","name":"Own18","description":"Own smart - Live large","publisher":{"@id":"https:\/\/www.own18.com\/fr\/#organization"},"potentialAction":[{"@type":"SearchAction","target":{"@type":"EntryPoint","urlTemplate":"https:\/\/www.own18.com\/fr\/?s={search_term_string}"},"query-input":{"@type":"PropertyValueSpecification","valueRequired":true,"valueName":"search_term_string"}}],"inLanguage":"fr-FR"},{"@type":"Organization","@id":"https:\/\/www.own18.com\/fr\/#organization","name":"Own 18","url":"https:\/\/www.own18.com\/fr\/","logo":{"@type":"ImageObject","inLanguage":"fr-FR","@id":"https:\/\/www.own18.com\/fr\/#\/schema\/logo\/image\/","url":"https:\/\/www.own18.com\/wp-content\/uploads\/2025\/09\/logo@2x.png","contentUrl":"https:\/\/www.own18.com\/wp-content\/uploads\/2025\/09\/logo@2x.png","width":1393,"height":1393,"caption":"Own 18"},"image":{"@id":"https:\/\/www.own18.com\/fr\/#\/schema\/logo\/image\/"},"sameAs":["https:\/\/www.facebook.com\/Own18homes\/","https:\/\/www.instagram.com\/own18_homes\/"]}]}},"_links":{"self":[{"href":"https:\/\/www.own18.com\/fr\/wp-json\/wp\/v2\/pages\/278","targetHints":{"allow":["GET"]}}],"collection":[{"href":"https:\/\/www.own18.com\/fr\/wp-json\/wp\/v2\/pages"}],"about":[{"href":"https:\/\/www.own18.com\/fr\/wp-json\/wp\/v2\/types\/page"}],"author":[{"embeddable":true,"href":"https:\/\/www.own18.com\/fr\/wp-json\/wp\/v2\/users\/1"}],"replies":[{"embeddable":true,"href":"https:\/\/www.own18.com\/fr\/wp-json\/wp\/v2\/comments?post=278"}],"version-history":[{"count":0,"href":"https:\/\/www.own18.com\/fr\/wp-json\/wp\/v2\/pages\/278\/revisions"}],"up":[{"embeddable":true,"href":"https:\/\/www.own18.com\/fr\/wp-json\/wp\/v2\/pages\/274"}],"wp:featuredmedia":[{"embeddable":true,"href":"https:\/\/www.own18.com\/fr\/wp-json\/wp\/v2\/media\/1046"}],"wp:attachment":[{"href":"https:\/\/www.own18.com\/fr\/wp-json\/wp\/v2\/media?parent=278"}],"curies":[{"name":"wp","href":"https:\/\/api.w.org\/{rel}","templated":true}]}}