{"id":286,"date":"2025-06-05T10:26:56","date_gmt":"2025-06-05T09:26:56","guid":{"rendered":"https:\/\/own18.wpenginepowered.com\/?page_id=286"},"modified":"2025-07-22T07:35:54","modified_gmt":"2025-07-22T06:35:54","slug":"vos-avantages","status":"publish","type":"page","link":"https:\/\/www.own18.com\/fr\/vos-avantages\/","title":{"rendered":"Vos avantages"},"content":{"rendered":"","protected":false},"excerpt":{"rendered":"","protected":false},"author":1,"featured_media":1123,"parent":0,"menu_order":0,"comment_status":"closed","ping_status":"closed","template":"","meta":{"_acf_changed":false,"footnotes":""},"class_list":["post-286","page","type-page","status-publish","has-post-thumbnail","hentry"],"acf":[],"yoast_head":"<!-- This site is optimized with the Yoast SEO plugin v27.3 - https:\/\/yoast.com\/product\/yoast-seo-wordpress\/ -->\n<title>OWN18 : Les avantages de la r\u00e9sidence secondaire partag\u00e9e<\/title>\n<meta name=\"description\" content=\"OWN18 rend la r\u00e9sidence secondaire accessible, rentable et sans contrainte. Copropri\u00e9t\u00e9 r\u00e9elle, services premium, fiscalit\u00e9 optimis\u00e9e.\" \/>\n<meta name=\"robots\" content=\"index, follow, max-snippet:-1, max-image-preview:large, max-video-preview:-1\" \/>\n<link rel=\"canonical\" href=\"https:\/\/www.own18.com\/fr\/vos-avantages\/\" \/>\n<meta property=\"og:locale\" content=\"fr_FR\" \/>\n<meta property=\"og:type\" content=\"article\" \/>\n<meta property=\"og:title\" content=\"OWN18 : Les avantages de la r\u00e9sidence secondaire partag\u00e9e\" \/>\n<meta property=\"og:description\" content=\"OWN18 rend la r\u00e9sidence secondaire accessible, rentable et sans contrainte. Copropri\u00e9t\u00e9 r\u00e9elle, services premium, fiscalit\u00e9 optimis\u00e9e.\" \/>\n<meta property=\"og:url\" content=\"https:\/\/www.own18.com\/fr\/vos-avantages\/\" \/>\n<meta property=\"og:site_name\" content=\"Own18\" \/>\n<meta property=\"article:publisher\" content=\"https:\/\/www.facebook.com\/Own18homes\/\" \/>\n<meta property=\"article:modified_time\" content=\"2025-07-22T06:35:54+00:00\" \/>\n<meta property=\"og:image\" content=\"https:\/\/www.own18.com\/wp-content\/uploads\/2025\/07\/avantages-concept-OWN18.png\" \/>\n\t<meta property=\"og:image:width\" content=\"1024\" \/>\n\t<meta property=\"og:image:height\" content=\"546\" \/>\n\t<meta property=\"og:image:type\" content=\"image\/png\" \/>\n<meta name=\"twitter:card\" content=\"summary_large_image\" \/>\n<meta name=\"twitter:label1\" content=\"Dur\u00e9e de lecture estim\u00e9e\" \/>\n\t<meta name=\"twitter:data1\" content=\"1 minute\" \/>\n<script type=\"application\/ld+json\" class=\"yoast-schema-graph\">{\"@context\":\"https:\\\/\\\/schema.org\",\"@graph\":[{\"@type\":\"WebPage\",\"@id\":\"https:\\\/\\\/www.own18.com\\\/fr\\\/vos-avantages\\\/\",\"url\":\"https:\\\/\\\/www.own18.com\\\/fr\\\/vos-avantages\\\/\",\"name\":\"OWN18 : Les avantages de la r\u00e9sidence secondaire partag\u00e9e\",\"isPartOf\":{\"@id\":\"https:\\\/\\\/www.own18.com\\\/fr\\\/#website\"},\"primaryImageOfPage\":{\"@id\":\"https:\\\/\\\/www.own18.com\\\/fr\\\/vos-avantages\\\/#primaryimage\"},\"image\":{\"@id\":\"https:\\\/\\\/www.own18.com\\\/fr\\\/vos-avantages\\\/#primaryimage\"},\"thumbnailUrl\":\"https:\\\/\\\/www.own18.com\\\/wp-content\\\/uploads\\\/2025\\\/07\\\/avantages-concept-OWN18.png\",\"datePublished\":\"2025-06-05T09:26:56+00:00\",\"dateModified\":\"2025-07-22T06:35:54+00:00\",\"description\":\"OWN18 rend la r\u00e9sidence secondaire accessible, rentable et sans contrainte. Copropri\u00e9t\u00e9 r\u00e9elle, services premium, fiscalit\u00e9 optimis\u00e9e.\",\"breadcrumb\":{\"@id\":\"https:\\\/\\\/www.own18.com\\\/fr\\\/vos-avantages\\\/#breadcrumb\"},\"inLanguage\":\"fr-FR\",\"potentialAction\":[{\"@type\":\"ReadAction\",\"target\":[\"https:\\\/\\\/www.own18.com\\\/fr\\\/vos-avantages\\\/\"]}]},{\"@type\":\"ImageObject\",\"inLanguage\":\"fr-FR\",\"@id\":\"https:\\\/\\\/www.own18.com\\\/fr\\\/vos-avantages\\\/#primaryimage\",\"url\":\"https:\\\/\\\/www.own18.com\\\/wp-content\\\/uploads\\\/2025\\\/07\\\/avantages-concept-OWN18.png\",\"contentUrl\":\"https:\\\/\\\/www.own18.com\\\/wp-content\\\/uploads\\\/2025\\\/07\\\/avantages-concept-OWN18.png\",\"width\":1500,\"height\":800,\"caption\":\"Les avantages du concept OWN18, seconde r\u00e9sidence \u00e0 l'\u00e9tranger partag\u00e9e\"},{\"@type\":\"BreadcrumbList\",\"@id\":\"https:\\\/\\\/www.own18.com\\\/fr\\\/vos-avantages\\\/#breadcrumb\",\"itemListElement\":[{\"@type\":\"ListItem\",\"position\":1,\"name\":\"Home\",\"item\":\"https:\\\/\\\/www.own18.com\\\/fr\\\/\"},{\"@type\":\"ListItem\",\"position\":2,\"name\":\"Vos avantages\"}]},{\"@type\":\"WebSite\",\"@id\":\"https:\\\/\\\/www.own18.com\\\/fr\\\/#website\",\"url\":\"https:\\\/\\\/www.own18.com\\\/fr\\\/\",\"name\":\"Own18\",\"description\":\"Own smart - Live large\",\"publisher\":{\"@id\":\"https:\\\/\\\/www.own18.com\\\/fr\\\/#organization\"},\"potentialAction\":[{\"@type\":\"SearchAction\",\"target\":{\"@type\":\"EntryPoint\",\"urlTemplate\":\"https:\\\/\\\/www.own18.com\\\/fr\\\/?s={search_term_string}\"},\"query-input\":{\"@type\":\"PropertyValueSpecification\",\"valueRequired\":true,\"valueName\":\"search_term_string\"}}],\"inLanguage\":\"fr-FR\"},{\"@type\":\"Organization\",\"@id\":\"https:\\\/\\\/www.own18.com\\\/fr\\\/#organization\",\"name\":\"Own 18\",\"url\":\"https:\\\/\\\/www.own18.com\\\/fr\\\/\",\"logo\":{\"@type\":\"ImageObject\",\"inLanguage\":\"fr-FR\",\"@id\":\"https:\\\/\\\/www.own18.com\\\/fr\\\/#\\\/schema\\\/logo\\\/image\\\/\",\"url\":\"https:\\\/\\\/www.own18.com\\\/wp-content\\\/uploads\\\/2025\\\/09\\\/logo@2x.png\",\"contentUrl\":\"https:\\\/\\\/www.own18.com\\\/wp-content\\\/uploads\\\/2025\\\/09\\\/logo@2x.png\",\"width\":1393,\"height\":1393,\"caption\":\"Own 18\"},\"image\":{\"@id\":\"https:\\\/\\\/www.own18.com\\\/fr\\\/#\\\/schema\\\/logo\\\/image\\\/\"},\"sameAs\":[\"https:\\\/\\\/www.facebook.com\\\/Own18homes\\\/\",\"https:\\\/\\\/www.instagram.com\\\/own18_homes\\\/\"]}]}<\/script>\n<!-- \/ Yoast SEO plugin. -->","yoast_head_json":{"title":"OWN18 : Les avantages de la r\u00e9sidence secondaire partag\u00e9e","description":"OWN18 rend la r\u00e9sidence secondaire accessible, rentable et sans contrainte. Copropri\u00e9t\u00e9 r\u00e9elle, services premium, fiscalit\u00e9 optimis\u00e9e.","robots":{"index":"index","follow":"follow","max-snippet":"max-snippet:-1","max-image-preview":"max-image-preview:large","max-video-preview":"max-video-preview:-1"},"canonical":"https:\/\/www.own18.com\/fr\/vos-avantages\/","og_locale":"fr_FR","og_type":"article","og_title":"OWN18 : Les avantages de la r\u00e9sidence secondaire partag\u00e9e","og_description":"OWN18 rend la r\u00e9sidence secondaire accessible, rentable et sans contrainte. Copropri\u00e9t\u00e9 r\u00e9elle, services premium, fiscalit\u00e9 optimis\u00e9e.","og_url":"https:\/\/www.own18.com\/fr\/vos-avantages\/","og_site_name":"Own18","article_publisher":"https:\/\/www.facebook.com\/Own18homes\/","article_modified_time":"2025-07-22T06:35:54+00:00","og_image":[{"url":"https:\/\/www.own18.com\/wp-content\/uploads\/2025\/07\/avantages-concept-OWN18.png","width":1024,"height":546,"type":"image\/png"}],"twitter_card":"summary_large_image","twitter_misc":{"Dur\u00e9e de lecture estim\u00e9e":"1 minute"},"schema":{"@context":"https:\/\/schema.org","@graph":[{"@type":"WebPage","@id":"https:\/\/www.own18.com\/fr\/vos-avantages\/","url":"https:\/\/www.own18.com\/fr\/vos-avantages\/","name":"OWN18 : Les avantages de la r\u00e9sidence secondaire partag\u00e9e","isPartOf":{"@id":"https:\/\/www.own18.com\/fr\/#website"},"primaryImageOfPage":{"@id":"https:\/\/www.own18.com\/fr\/vos-avantages\/#primaryimage"},"image":{"@id":"https:\/\/www.own18.com\/fr\/vos-avantages\/#primaryimage"},"thumbnailUrl":"https:\/\/www.own18.com\/wp-content\/uploads\/2025\/07\/avantages-concept-OWN18.png","datePublished":"2025-06-05T09:26:56+00:00","dateModified":"2025-07-22T06:35:54+00:00","description":"OWN18 rend la r\u00e9sidence secondaire accessible, rentable et sans contrainte. Copropri\u00e9t\u00e9 r\u00e9elle, services premium, fiscalit\u00e9 optimis\u00e9e.","breadcrumb":{"@id":"https:\/\/www.own18.com\/fr\/vos-avantages\/#breadcrumb"},"inLanguage":"fr-FR","potentialAction":[{"@type":"ReadAction","target":["https:\/\/www.own18.com\/fr\/vos-avantages\/"]}]},{"@type":"ImageObject","inLanguage":"fr-FR","@id":"https:\/\/www.own18.com\/fr\/vos-avantages\/#primaryimage","url":"https:\/\/www.own18.com\/wp-content\/uploads\/2025\/07\/avantages-concept-OWN18.png","contentUrl":"https:\/\/www.own18.com\/wp-content\/uploads\/2025\/07\/avantages-concept-OWN18.png","width":1500,"height":800,"caption":"Les avantages du concept OWN18, seconde r\u00e9sidence \u00e0 l'\u00e9tranger partag\u00e9e"},{"@type":"BreadcrumbList","@id":"https:\/\/www.own18.com\/fr\/vos-avantages\/#breadcrumb","itemListElement":[{"@type":"ListItem","position":1,"name":"Home","item":"https:\/\/www.own18.com\/fr\/"},{"@type":"ListItem","position":2,"name":"Vos avantages"}]},{"@type":"WebSite","@id":"https:\/\/www.own18.com\/fr\/#website","url":"https:\/\/www.own18.com\/fr\/","name":"Own18","description":"Own smart - Live large","publisher":{"@id":"https:\/\/www.own18.com\/fr\/#organization"},"potentialAction":[{"@type":"SearchAction","target":{"@type":"EntryPoint","urlTemplate":"https:\/\/www.own18.com\/fr\/?s={search_term_string}"},"query-input":{"@type":"PropertyValueSpecification","valueRequired":true,"valueName":"search_term_string"}}],"inLanguage":"fr-FR"},{"@type":"Organization","@id":"https:\/\/www.own18.com\/fr\/#organization","name":"Own 18","url":"https:\/\/www.own18.com\/fr\/","logo":{"@type":"ImageObject","inLanguage":"fr-FR","@id":"https:\/\/www.own18.com\/fr\/#\/schema\/logo\/image\/","url":"https:\/\/www.own18.com\/wp-content\/uploads\/2025\/09\/logo@2x.png","contentUrl":"https:\/\/www.own18.com\/wp-content\/uploads\/2025\/09\/logo@2x.png","width":1393,"height":1393,"caption":"Own 18"},"image":{"@id":"https:\/\/www.own18.com\/fr\/#\/schema\/logo\/image\/"},"sameAs":["https:\/\/www.facebook.com\/Own18homes\/","https:\/\/www.instagram.com\/own18_homes\/"]}]}},"_links":{"self":[{"href":"https:\/\/www.own18.com\/fr\/wp-json\/wp\/v2\/pages\/286","targetHints":{"allow":["GET"]}}],"collection":[{"href":"https:\/\/www.own18.com\/fr\/wp-json\/wp\/v2\/pages"}],"about":[{"href":"https:\/\/www.own18.com\/fr\/wp-json\/wp\/v2\/types\/page"}],"author":[{"embeddable":true,"href":"https:\/\/www.own18.com\/fr\/wp-json\/wp\/v2\/users\/1"}],"replies":[{"embeddable":true,"href":"https:\/\/www.own18.com\/fr\/wp-json\/wp\/v2\/comments?post=286"}],"version-history":[{"count":0,"href":"https:\/\/www.own18.com\/fr\/wp-json\/wp\/v2\/pages\/286\/revisions"}],"wp:featuredmedia":[{"embeddable":true,"href":"https:\/\/www.own18.com\/fr\/wp-json\/wp\/v2\/media\/1123"}],"wp:attachment":[{"href":"https:\/\/www.own18.com\/fr\/wp-json\/wp\/v2\/media?parent=286"}],"curies":[{"name":"wp","href":"https:\/\/api.w.org\/{rel}","templated":true}]}}