{"id":292,"date":"2025-06-05T10:27:24","date_gmt":"2025-06-05T09:27:24","guid":{"rendered":"https:\/\/own18.wpenginepowered.com\/?page_id=292"},"modified":"2026-03-11T10:41:56","modified_gmt":"2026-03-11T10:41:56","slug":"temoignages-clients","status":"publish","type":"page","link":"https:\/\/www.own18.com\/fr\/a-propos\/temoignages-clients\/","title":{"rendered":"T\u00e9moignages des clients OWN18"},"content":{"rendered":"","protected":false},"excerpt":{"rendered":"","protected":false},"author":1,"featured_media":1043,"parent":290,"menu_order":0,"comment_status":"closed","ping_status":"closed","template":"","meta":{"_acf_changed":false,"footnotes":""},"class_list":["post-292","page","type-page","status-publish","has-post-thumbnail","hentry"],"acf":[],"yoast_head":"<!-- This site is optimized with the Yoast SEO plugin v27.3 - https:\/\/yoast.com\/product\/yoast-seo-wordpress\/ -->\n<title>T\u00e9moignages des clients OWN18 - Own18<\/title>\n<meta name=\"description\" content=\"D\u00e9couvrez les t\u00e9moignages clients OWN18 et leurs avis sur la r\u00e9sidence secondaire partag\u00e9e et la copropri\u00e9t\u00e9 1\/8.\" \/>\n<meta name=\"robots\" content=\"index, follow, max-snippet:-1, max-image-preview:large, max-video-preview:-1\" \/>\n<link rel=\"canonical\" href=\"https:\/\/www.own18.com\/fr\/a-propos\/temoignages-clients\/\" \/>\n<meta property=\"og:locale\" content=\"fr_FR\" \/>\n<meta property=\"og:type\" content=\"article\" \/>\n<meta property=\"og:title\" content=\"T\u00e9moignages des clients OWN18 - Own18\" \/>\n<meta property=\"og:description\" content=\"D\u00e9couvrez les t\u00e9moignages clients OWN18 et leurs avis sur la r\u00e9sidence secondaire partag\u00e9e et la copropri\u00e9t\u00e9 1\/8.\" \/>\n<meta property=\"og:url\" content=\"https:\/\/www.own18.com\/fr\/a-propos\/temoignages-clients\/\" \/>\n<meta property=\"og:site_name\" content=\"Own18\" \/>\n<meta property=\"article:publisher\" content=\"https:\/\/www.facebook.com\/Own18homes\/\" \/>\n<meta property=\"article:modified_time\" content=\"2026-03-11T10:41:56+00:00\" \/>\n<meta property=\"og:image\" content=\"https:\/\/www.own18.com\/wp-content\/uploads\/2025\/07\/OWN18-propriete-partagee-seconde-residence.png\" \/>\n\t<meta property=\"og:image:width\" content=\"1200\" \/>\n\t<meta property=\"og:image:height\" content=\"800\" \/>\n\t<meta property=\"og:image:type\" content=\"image\/png\" \/>\n<meta name=\"twitter:card\" content=\"summary_large_image\" \/>\n<meta name=\"twitter:label1\" content=\"Dur\u00e9e de lecture estim\u00e9e\" \/>\n\t<meta name=\"twitter:data1\" content=\"1 minute\" \/>\n<script type=\"application\/ld+json\" class=\"yoast-schema-graph\">{\"@context\":\"https:\\\/\\\/schema.org\",\"@graph\":[{\"@type\":\"WebPage\",\"@id\":\"https:\\\/\\\/www.own18.com\\\/fr\\\/a-propos\\\/temoignages-clients\\\/\",\"url\":\"https:\\\/\\\/www.own18.com\\\/fr\\\/a-propos\\\/temoignages-clients\\\/\",\"name\":\"T\u00e9moignages des clients OWN18 - Own18\",\"isPartOf\":{\"@id\":\"https:\\\/\\\/www.own18.com\\\/fr\\\/#website\"},\"primaryImageOfPage\":{\"@id\":\"https:\\\/\\\/www.own18.com\\\/fr\\\/a-propos\\\/temoignages-clients\\\/#primaryimage\"},\"image\":{\"@id\":\"https:\\\/\\\/www.own18.com\\\/fr\\\/a-propos\\\/temoignages-clients\\\/#primaryimage\"},\"thumbnailUrl\":\"https:\\\/\\\/www.own18.com\\\/wp-content\\\/uploads\\\/2025\\\/07\\\/OWN18-propriete-partagee-seconde-residence.png\",\"datePublished\":\"2025-06-05T09:27:24+00:00\",\"dateModified\":\"2026-03-11T10:41:56+00:00\",\"description\":\"D\u00e9couvrez les t\u00e9moignages clients OWN18 et leurs avis sur la r\u00e9sidence secondaire partag\u00e9e et la copropri\u00e9t\u00e9 1\\\/8.\",\"breadcrumb\":{\"@id\":\"https:\\\/\\\/www.own18.com\\\/fr\\\/a-propos\\\/temoignages-clients\\\/#breadcrumb\"},\"inLanguage\":\"fr-FR\",\"potentialAction\":[{\"@type\":\"ReadAction\",\"target\":[\"https:\\\/\\\/www.own18.com\\\/fr\\\/a-propos\\\/temoignages-clients\\\/\"]}]},{\"@type\":\"ImageObject\",\"inLanguage\":\"fr-FR\",\"@id\":\"https:\\\/\\\/www.own18.com\\\/fr\\\/a-propos\\\/temoignages-clients\\\/#primaryimage\",\"url\":\"https:\\\/\\\/www.own18.com\\\/wp-content\\\/uploads\\\/2025\\\/07\\\/OWN18-propriete-partagee-seconde-residence.png\",\"contentUrl\":\"https:\\\/\\\/www.own18.com\\\/wp-content\\\/uploads\\\/2025\\\/07\\\/OWN18-propriete-partagee-seconde-residence.png\",\"width\":1200,\"height\":800,\"caption\":\"D\u00e9couvrez le concept d'OWN18, la seconde r\u00e9sidence partag\u00e9e\"},{\"@type\":\"BreadcrumbList\",\"@id\":\"https:\\\/\\\/www.own18.com\\\/fr\\\/a-propos\\\/temoignages-clients\\\/#breadcrumb\",\"itemListElement\":[{\"@type\":\"ListItem\",\"position\":1,\"name\":\"Home\",\"item\":\"https:\\\/\\\/www.own18.com\\\/fr\\\/\"},{\"@type\":\"ListItem\",\"position\":2,\"name\":\"\u00c0 propos\",\"item\":\"https:\\\/\\\/www.own18.com\\\/fr\\\/a-propos\\\/\"},{\"@type\":\"ListItem\",\"position\":3,\"name\":\"T\u00e9moignages des clients OWN18\"}]},{\"@type\":\"WebSite\",\"@id\":\"https:\\\/\\\/www.own18.com\\\/fr\\\/#website\",\"url\":\"https:\\\/\\\/www.own18.com\\\/fr\\\/\",\"name\":\"Own18\",\"description\":\"Own smart - Live large\",\"publisher\":{\"@id\":\"https:\\\/\\\/www.own18.com\\\/fr\\\/#organization\"},\"potentialAction\":[{\"@type\":\"SearchAction\",\"target\":{\"@type\":\"EntryPoint\",\"urlTemplate\":\"https:\\\/\\\/www.own18.com\\\/fr\\\/?s={search_term_string}\"},\"query-input\":{\"@type\":\"PropertyValueSpecification\",\"valueRequired\":true,\"valueName\":\"search_term_string\"}}],\"inLanguage\":\"fr-FR\"},{\"@type\":\"Organization\",\"@id\":\"https:\\\/\\\/www.own18.com\\\/fr\\\/#organization\",\"name\":\"Own 18\",\"url\":\"https:\\\/\\\/www.own18.com\\\/fr\\\/\",\"logo\":{\"@type\":\"ImageObject\",\"inLanguage\":\"fr-FR\",\"@id\":\"https:\\\/\\\/www.own18.com\\\/fr\\\/#\\\/schema\\\/logo\\\/image\\\/\",\"url\":\"https:\\\/\\\/www.own18.com\\\/wp-content\\\/uploads\\\/2025\\\/09\\\/logo@2x.png\",\"contentUrl\":\"https:\\\/\\\/www.own18.com\\\/wp-content\\\/uploads\\\/2025\\\/09\\\/logo@2x.png\",\"width\":1393,\"height\":1393,\"caption\":\"Own 18\"},\"image\":{\"@id\":\"https:\\\/\\\/www.own18.com\\\/fr\\\/#\\\/schema\\\/logo\\\/image\\\/\"},\"sameAs\":[\"https:\\\/\\\/www.facebook.com\\\/Own18homes\\\/\",\"https:\\\/\\\/www.instagram.com\\\/own18_homes\\\/\"]}]}<\/script>\n<!-- \/ Yoast SEO plugin. -->","yoast_head_json":{"title":"T\u00e9moignages des clients OWN18 - Own18","description":"D\u00e9couvrez les t\u00e9moignages clients OWN18 et leurs avis sur la r\u00e9sidence secondaire partag\u00e9e et la copropri\u00e9t\u00e9 1\/8.","robots":{"index":"index","follow":"follow","max-snippet":"max-snippet:-1","max-image-preview":"max-image-preview:large","max-video-preview":"max-video-preview:-1"},"canonical":"https:\/\/www.own18.com\/fr\/a-propos\/temoignages-clients\/","og_locale":"fr_FR","og_type":"article","og_title":"T\u00e9moignages des clients OWN18 - Own18","og_description":"D\u00e9couvrez les t\u00e9moignages clients OWN18 et leurs avis sur la r\u00e9sidence secondaire partag\u00e9e et la copropri\u00e9t\u00e9 1\/8.","og_url":"https:\/\/www.own18.com\/fr\/a-propos\/temoignages-clients\/","og_site_name":"Own18","article_publisher":"https:\/\/www.facebook.com\/Own18homes\/","article_modified_time":"2026-03-11T10:41:56+00:00","og_image":[{"width":1200,"height":800,"url":"https:\/\/www.own18.com\/wp-content\/uploads\/2025\/07\/OWN18-propriete-partagee-seconde-residence.png","type":"image\/png"}],"twitter_card":"summary_large_image","twitter_misc":{"Dur\u00e9e de lecture estim\u00e9e":"1 minute"},"schema":{"@context":"https:\/\/schema.org","@graph":[{"@type":"WebPage","@id":"https:\/\/www.own18.com\/fr\/a-propos\/temoignages-clients\/","url":"https:\/\/www.own18.com\/fr\/a-propos\/temoignages-clients\/","name":"T\u00e9moignages des clients OWN18 - Own18","isPartOf":{"@id":"https:\/\/www.own18.com\/fr\/#website"},"primaryImageOfPage":{"@id":"https:\/\/www.own18.com\/fr\/a-propos\/temoignages-clients\/#primaryimage"},"image":{"@id":"https:\/\/www.own18.com\/fr\/a-propos\/temoignages-clients\/#primaryimage"},"thumbnailUrl":"https:\/\/www.own18.com\/wp-content\/uploads\/2025\/07\/OWN18-propriete-partagee-seconde-residence.png","datePublished":"2025-06-05T09:27:24+00:00","dateModified":"2026-03-11T10:41:56+00:00","description":"D\u00e9couvrez les t\u00e9moignages clients OWN18 et leurs avis sur la r\u00e9sidence secondaire partag\u00e9e et la copropri\u00e9t\u00e9 1\/8.","breadcrumb":{"@id":"https:\/\/www.own18.com\/fr\/a-propos\/temoignages-clients\/#breadcrumb"},"inLanguage":"fr-FR","potentialAction":[{"@type":"ReadAction","target":["https:\/\/www.own18.com\/fr\/a-propos\/temoignages-clients\/"]}]},{"@type":"ImageObject","inLanguage":"fr-FR","@id":"https:\/\/www.own18.com\/fr\/a-propos\/temoignages-clients\/#primaryimage","url":"https:\/\/www.own18.com\/wp-content\/uploads\/2025\/07\/OWN18-propriete-partagee-seconde-residence.png","contentUrl":"https:\/\/www.own18.com\/wp-content\/uploads\/2025\/07\/OWN18-propriete-partagee-seconde-residence.png","width":1200,"height":800,"caption":"D\u00e9couvrez le concept d'OWN18, la seconde r\u00e9sidence partag\u00e9e"},{"@type":"BreadcrumbList","@id":"https:\/\/www.own18.com\/fr\/a-propos\/temoignages-clients\/#breadcrumb","itemListElement":[{"@type":"ListItem","position":1,"name":"Home","item":"https:\/\/www.own18.com\/fr\/"},{"@type":"ListItem","position":2,"name":"\u00c0 propos","item":"https:\/\/www.own18.com\/fr\/a-propos\/"},{"@type":"ListItem","position":3,"name":"T\u00e9moignages des clients OWN18"}]},{"@type":"WebSite","@id":"https:\/\/www.own18.com\/fr\/#website","url":"https:\/\/www.own18.com\/fr\/","name":"Own18","description":"Own smart - Live large","publisher":{"@id":"https:\/\/www.own18.com\/fr\/#organization"},"potentialAction":[{"@type":"SearchAction","target":{"@type":"EntryPoint","urlTemplate":"https:\/\/www.own18.com\/fr\/?s={search_term_string}"},"query-input":{"@type":"PropertyValueSpecification","valueRequired":true,"valueName":"search_term_string"}}],"inLanguage":"fr-FR"},{"@type":"Organization","@id":"https:\/\/www.own18.com\/fr\/#organization","name":"Own 18","url":"https:\/\/www.own18.com\/fr\/","logo":{"@type":"ImageObject","inLanguage":"fr-FR","@id":"https:\/\/www.own18.com\/fr\/#\/schema\/logo\/image\/","url":"https:\/\/www.own18.com\/wp-content\/uploads\/2025\/09\/logo@2x.png","contentUrl":"https:\/\/www.own18.com\/wp-content\/uploads\/2025\/09\/logo@2x.png","width":1393,"height":1393,"caption":"Own 18"},"image":{"@id":"https:\/\/www.own18.com\/fr\/#\/schema\/logo\/image\/"},"sameAs":["https:\/\/www.facebook.com\/Own18homes\/","https:\/\/www.instagram.com\/own18_homes\/"]}]}},"_links":{"self":[{"href":"https:\/\/www.own18.com\/fr\/wp-json\/wp\/v2\/pages\/292","targetHints":{"allow":["GET"]}}],"collection":[{"href":"https:\/\/www.own18.com\/fr\/wp-json\/wp\/v2\/pages"}],"about":[{"href":"https:\/\/www.own18.com\/fr\/wp-json\/wp\/v2\/types\/page"}],"author":[{"embeddable":true,"href":"https:\/\/www.own18.com\/fr\/wp-json\/wp\/v2\/users\/1"}],"replies":[{"embeddable":true,"href":"https:\/\/www.own18.com\/fr\/wp-json\/wp\/v2\/comments?post=292"}],"version-history":[{"count":0,"href":"https:\/\/www.own18.com\/fr\/wp-json\/wp\/v2\/pages\/292\/revisions"}],"up":[{"embeddable":true,"href":"https:\/\/www.own18.com\/fr\/wp-json\/wp\/v2\/pages\/290"}],"wp:featuredmedia":[{"embeddable":true,"href":"https:\/\/www.own18.com\/fr\/wp-json\/wp\/v2\/media\/1043"}],"wp:attachment":[{"href":"https:\/\/www.own18.com\/fr\/wp-json\/wp\/v2\/media?parent=292"}],"curies":[{"name":"wp","href":"https:\/\/api.w.org\/{rel}","templated":true}]}}